{"id":2373,"date":"2021-10-26T15:45:48","date_gmt":"2021-10-26T15:45:48","guid":{"rendered":""},"modified":"2025-05-28T13:52:32","modified_gmt":"2025-05-28T13:52:32","slug":"meet-the-team","status":"publish","type":"page","link":"https:\/\/www.ipenergysoftware.rs\/rs\/meet-the-team\/","title":{"rendered":"Upoznaj tim"},"content":{"rendered":"\n<p class=\"has-text-align-center\"><\/p>\n\n\n\n<div class=\"wp-block-columns is-style-default is-layout-flex wp-container-core-columns-is-layout-9d6595d7 wp-block-columns-is-layout-flex\">\n<div class=\"wp-block-column is-layout-flow wp-block-column-is-layout-flow\"><div class=\"wp-block-image is-style-rounded\">\n<figure class=\"aligncenter size-large\"><img loading=\"lazy\" decoding=\"async\" width=\"1024\" height=\"683\" src=\"https:\/\/www.ipenergysoftware.rs\/wp-content\/uploads\/2021\/12\/IMG_9426-1024x683.jpg\" alt=\"\" class=\"wp-image-2542\" srcset=\"https:\/\/www.ipenergysoftware.rs\/wp-content\/uploads\/2021\/12\/IMG_9426-1024x683.jpg 1024w, https:\/\/www.ipenergysoftware.rs\/wp-content\/uploads\/2021\/12\/IMG_9426-300x200.jpg 300w, https:\/\/www.ipenergysoftware.rs\/wp-content\/uploads\/2021\/12\/IMG_9426-768x512.jpg 768w, https:\/\/www.ipenergysoftware.rs\/wp-content\/uploads\/2021\/12\/IMG_9426-1536x1024.jpg 1536w, https:\/\/www.ipenergysoftware.rs\/wp-content\/uploads\/2021\/12\/IMG_9426-2048x1365.jpg 2048w\" sizes=\"auto, (max-width: 1024px) 100vw, 1024px\" \/><\/figure>\n<\/div>\n\n<div class=\"wp-block-image is-style-rounded\">\n<figure class=\"aligncenter size-large\"><img loading=\"lazy\" decoding=\"async\" width=\"1024\" height=\"683\" src=\"https:\/\/www.ipenergysoftware.rs\/wp-content\/uploads\/2021\/12\/IMG_9369-1024x683.jpg\" alt=\"\" class=\"wp-image-2536\" srcset=\"https:\/\/www.ipenergysoftware.rs\/wp-content\/uploads\/2021\/12\/IMG_9369-1024x683.jpg 1024w, https:\/\/www.ipenergysoftware.rs\/wp-content\/uploads\/2021\/12\/IMG_9369-300x200.jpg 300w, https:\/\/www.ipenergysoftware.rs\/wp-content\/uploads\/2021\/12\/IMG_9369-768x512.jpg 768w, https:\/\/www.ipenergysoftware.rs\/wp-content\/uploads\/2021\/12\/IMG_9369-1536x1024.jpg 1536w, https:\/\/www.ipenergysoftware.rs\/wp-content\/uploads\/2021\/12\/IMG_9369-2048x1365.jpg 2048w\" sizes=\"auto, (max-width: 1024px) 100vw, 1024px\" \/><\/figure>\n<\/div><\/div>\n\n\n\n<div class=\"wp-block-column is-layout-flow wp-block-column-is-layout-flow\"><div class=\"wp-block-image is-style-rounded\">\n<figure class=\"aligncenter size-large\"><img loading=\"lazy\" decoding=\"async\" width=\"1024\" height=\"683\" src=\"https:\/\/www.ipenergysoftware.rs\/wp-content\/uploads\/2021\/12\/IMG_9346-1024x683.jpg\" alt=\"\" class=\"wp-image-2534\" srcset=\"https:\/\/www.ipenergysoftware.rs\/wp-content\/uploads\/2021\/12\/IMG_9346-1024x683.jpg 1024w, https:\/\/www.ipenergysoftware.rs\/wp-content\/uploads\/2021\/12\/IMG_9346-300x200.jpg 300w, https:\/\/www.ipenergysoftware.rs\/wp-content\/uploads\/2021\/12\/IMG_9346-768x512.jpg 768w, https:\/\/www.ipenergysoftware.rs\/wp-content\/uploads\/2021\/12\/IMG_9346-1536x1024.jpg 1536w, https:\/\/www.ipenergysoftware.rs\/wp-content\/uploads\/2021\/12\/IMG_9346-2048x1365.jpg 2048w\" sizes=\"auto, (max-width: 1024px) 100vw, 1024px\" \/><\/figure>\n<\/div>\n\n<div class=\"wp-block-image is-style-rounded\">\n<figure class=\"aligncenter size-large\"><img loading=\"lazy\" decoding=\"async\" width=\"1024\" height=\"683\" src=\"https:\/\/www.ipenergysoftware.rs\/wp-content\/uploads\/2021\/12\/IMG_8974_1-1024x683.jpg\" alt=\"\" class=\"wp-image-2497\" srcset=\"https:\/\/www.ipenergysoftware.rs\/wp-content\/uploads\/2021\/12\/IMG_8974_1-1024x683.jpg 1024w, https:\/\/www.ipenergysoftware.rs\/wp-content\/uploads\/2021\/12\/IMG_8974_1-300x200.jpg 300w, https:\/\/www.ipenergysoftware.rs\/wp-content\/uploads\/2021\/12\/IMG_8974_1-768x512.jpg 768w, https:\/\/www.ipenergysoftware.rs\/wp-content\/uploads\/2021\/12\/IMG_8974_1-1536x1024.jpg 1536w, https:\/\/www.ipenergysoftware.rs\/wp-content\/uploads\/2021\/12\/IMG_8974_1-2048x1365.jpg 2048w\" sizes=\"auto, (max-width: 1024px) 100vw, 1024px\" \/><\/figure>\n<\/div><\/div>\n\n\n\n<div class=\"wp-block-column is-layout-flow wp-block-column-is-layout-flow\"><div class=\"wp-block-image is-style-rounded\">\n<figure class=\"aligncenter size-large\"><img loading=\"lazy\" decoding=\"async\" width=\"1024\" height=\"683\" src=\"https:\/\/www.ipenergysoftware.rs\/wp-content\/uploads\/2022\/01\/IMG_9326-1-1024x683.jpg\" alt=\"\" class=\"wp-image-2729\" srcset=\"https:\/\/www.ipenergysoftware.rs\/wp-content\/uploads\/2022\/01\/IMG_9326-1-1024x683.jpg 1024w, https:\/\/www.ipenergysoftware.rs\/wp-content\/uploads\/2022\/01\/IMG_9326-1-300x200.jpg 300w, https:\/\/www.ipenergysoftware.rs\/wp-content\/uploads\/2022\/01\/IMG_9326-1-768x512.jpg 768w, https:\/\/www.ipenergysoftware.rs\/wp-content\/uploads\/2022\/01\/IMG_9326-1-1536x1024.jpg 1536w, https:\/\/www.ipenergysoftware.rs\/wp-content\/uploads\/2022\/01\/IMG_9326-1-2048x1365.jpg 2048w\" sizes=\"auto, (max-width: 1024px) 100vw, 1024px\" \/><\/figure>\n<\/div>\n\n<div class=\"wp-block-image is-style-rounded\">\n<figure class=\"aligncenter size-full\"><img loading=\"lazy\" decoding=\"async\" width=\"775\" height=\"421\" src=\"https:\/\/www.ipenergysoftware.rs\/wp-content\/uploads\/2023\/10\/Capture-3.png\" alt=\"\" class=\"wp-image-2990\" srcset=\"https:\/\/www.ipenergysoftware.rs\/wp-content\/uploads\/2023\/10\/Capture-3.png 775w, https:\/\/www.ipenergysoftware.rs\/wp-content\/uploads\/2023\/10\/Capture-3-300x163.png 300w, https:\/\/www.ipenergysoftware.rs\/wp-content\/uploads\/2023\/10\/Capture-3-768x417.png 768w\" sizes=\"auto, (max-width: 775px) 100vw, 775px\" \/><\/figure>\n<\/div><\/div>\n\n\n\n<div class=\"wp-block-column is-layout-flow wp-block-column-is-layout-flow\"><div class=\"wp-block-image is-style-rounded\">\n<figure class=\"aligncenter size-large\"><img loading=\"lazy\" decoding=\"async\" width=\"1024\" height=\"683\" src=\"https:\/\/www.ipenergysoftware.rs\/wp-content\/uploads\/2021\/12\/IMG_9295-1024x683.jpg\" alt=\"\" class=\"wp-image-2529\" srcset=\"https:\/\/www.ipenergysoftware.rs\/wp-content\/uploads\/2021\/12\/IMG_9295-1024x683.jpg 1024w, https:\/\/www.ipenergysoftware.rs\/wp-content\/uploads\/2021\/12\/IMG_9295-300x200.jpg 300w, https:\/\/www.ipenergysoftware.rs\/wp-content\/uploads\/2021\/12\/IMG_9295-768x512.jpg 768w, https:\/\/www.ipenergysoftware.rs\/wp-content\/uploads\/2021\/12\/IMG_9295-1536x1024.jpg 1536w, https:\/\/www.ipenergysoftware.rs\/wp-content\/uploads\/2021\/12\/IMG_9295-2048x1365.jpg 2048w\" sizes=\"auto, (max-width: 1024px) 100vw, 1024px\" \/><\/figure>\n<\/div><\/div>\n<\/div>\n\n\n\n<div style=\"height:100px\" aria-hidden=\"true\" class=\"wp-block-spacer\"><\/div>\n\n\n\n<div class=\"wp-block-columns is-layout-flex wp-container-core-columns-is-layout-9d6595d7 wp-block-columns-is-layout-flex\">\n<div class=\"wp-block-column is-layout-flow wp-block-column-is-layout-flow\" style=\"flex-basis:33%\"><div class=\"wp-block-image is-resized is-style-rounded\">\n<figure class=\"aligncenter size-large\"><img loading=\"lazy\" decoding=\"async\" width=\"683\" height=\"1024\" src=\"https:\/\/www.ipenergysoftware.rs\/wp-content\/uploads\/2021\/12\/IMG_9433-683x1024.jpg\" alt=\"\" class=\"wp-image-2543\" srcset=\"https:\/\/www.ipenergysoftware.rs\/wp-content\/uploads\/2021\/12\/IMG_9433-683x1024.jpg 683w, https:\/\/www.ipenergysoftware.rs\/wp-content\/uploads\/2021\/12\/IMG_9433-200x300.jpg 200w, https:\/\/www.ipenergysoftware.rs\/wp-content\/uploads\/2021\/12\/IMG_9433-768x1152.jpg 768w, https:\/\/www.ipenergysoftware.rs\/wp-content\/uploads\/2021\/12\/IMG_9433-1024x1536.jpg 1024w, https:\/\/www.ipenergysoftware.rs\/wp-content\/uploads\/2021\/12\/IMG_9433-1365x2048.jpg 1365w, https:\/\/www.ipenergysoftware.rs\/wp-content\/uploads\/2021\/12\/IMG_9433-scaled.jpg 1707w\" sizes=\"auto, (max-width: 683px) 100vw, 683px\" \/><\/figure>\n<\/div>\n\n\n<p><\/p>\n<\/div>\n\n\n\n<div class=\"wp-block-column is-layout-flow wp-block-column-is-layout-flow\">\n<p style=\"font-size:26px\"><strong>Zoltan Mezei, direktor<\/strong><\/p>\n\n\n\n<p>Ro\u0111en sam 24.09.1973. godine u Na\u0111be\u010dkereku iliti Zrenjaninu.<br>Diplomirao sam na Akademiji dramskih umetnosti u Novom Sadu 1995. godine i od tada radim kao glumac. Od 2006. osam godina sam bio umetni\u010dki direktor Ma\u0111arskog ansambla Narodnog pozori\u0161ta u Subotici.<br>U IP Energy Software-u, koji je za mene drugi svet, radim kao direktor kompanije uporedo sa pozori\u0161tem, u firmi radim od osnivanja, u su\u0161tini po\u010deo sam raditi i pre osnivanja i na taj na\u010din je nastala kancelarija u Subotici.<br>Na neki na\u010din, ovaj novi posao mi je bio poznat zahvaljuju\u0107i mom vi\u0161egodi\u0161njem iskustvu u rukovo\u0111enju, ali sa druge strane otvorio mi je potpuno novi svet, dao mi slobodu i veoma povoljne uslove koje do sada nisam video i u kojima u\u017eivam i dan danas.<br>Ono \u0161to sam ovde prvi put u \u017eivotu susreo je princip rada \u201e\u0160ta mo\u017eemo da uradimo da vam bude bolje?\u201c, koji me tako\u0111e osloba\u0111a i \u010dini da se ose\u0107am veoma dobro.<br>Ponosan sam \u0161to vodim i predstavljam tim sjajnih ljudi ovde u kancelariji u Subotici i \u0161to sam deo\ndinami\u010dne, moderne, usredsre\u0111enje na ljude, prijateljske, mati\u010dne kompanije sa sedi\u0161tem u Budimpe\u0161ti.<\/p>\n<\/div>\n<\/div>\n\n\n\n<div class=\"wp-block-columns is-layout-flex wp-container-core-columns-is-layout-9d6595d7 wp-block-columns-is-layout-flex\">\n<div class=\"wp-block-column is-layout-flow wp-block-column-is-layout-flow\" style=\"flex-basis:33%\"><div class=\"wp-block-image is-style-rounded\">\n<figure class=\"aligncenter size-large\"><img loading=\"lazy\" decoding=\"async\" width=\"1024\" height=\"683\" src=\"https:\/\/www.ipenergysoftware.rs\/wp-content\/uploads\/2021\/12\/IMG_8985_1-1024x683.jpg\" alt=\"\" class=\"wp-image-2499\" srcset=\"https:\/\/www.ipenergysoftware.rs\/wp-content\/uploads\/2021\/12\/IMG_8985_1-1024x683.jpg 1024w, https:\/\/www.ipenergysoftware.rs\/wp-content\/uploads\/2021\/12\/IMG_8985_1-300x200.jpg 300w, https:\/\/www.ipenergysoftware.rs\/wp-content\/uploads\/2021\/12\/IMG_8985_1-768x512.jpg 768w, https:\/\/www.ipenergysoftware.rs\/wp-content\/uploads\/2021\/12\/IMG_8985_1-1536x1024.jpg 1536w, https:\/\/www.ipenergysoftware.rs\/wp-content\/uploads\/2021\/12\/IMG_8985_1-2048x1365.jpg 2048w\" sizes=\"auto, (max-width: 1024px) 100vw, 1024px\" \/><\/figure>\n<\/div><\/div>\n\n\n\n<div class=\"wp-block-column is-layout-flow wp-block-column-is-layout-flow\">\n<p style=\"font-size:26px\"><strong>Sabol\u010d Bucko, programer<\/strong><\/p>\n\n\n\n<p>Ja sam Sabol\u010d Bucko, \u017eivim u Subotici sa suprugom i ma\u0111arskom vi\u017elom. Nakon zavr\u0161etka studija,\nzapo\u010deo sam karijeru kao programer. \u010clan sam tima od osnivanja predstavni\u0161tva u Subotici. Trenutno\npoku\u0161avam da oja\u010dam kompaniju kao full-stack programer. U slobodno vreme se bavim ba\u0161tovanstvom,\nprojektima uradi sam i planinarenjem u prirodi.<\/p>\n\n\n\n<p>Imamo dobar tim u Subotici i dobar odnos sa kolegama u Budimpe\u0161ti. Pored odli\u010dne atmosfere, postoji\nprilika da se upoznamo sa najnovijim tehnologijama.<\/p>\n<\/div>\n<\/div>\n\n\n\n<div class=\"wp-block-columns is-layout-flex wp-container-core-columns-is-layout-9d6595d7 wp-block-columns-is-layout-flex\">\n<div class=\"wp-block-column is-layout-flow wp-block-column-is-layout-flow\" style=\"flex-basis:33%\"><div class=\"wp-block-image is-style-rounded\">\n<figure class=\"aligncenter size-large\"><img loading=\"lazy\" decoding=\"async\" width=\"1024\" height=\"683\" src=\"https:\/\/www.ipenergysoftware.rs\/wp-content\/uploads\/2021\/12\/IMG_9117_1-1024x683.jpg\" alt=\"\" class=\"wp-image-2512\" srcset=\"https:\/\/www.ipenergysoftware.rs\/wp-content\/uploads\/2021\/12\/IMG_9117_1-1024x683.jpg 1024w, https:\/\/www.ipenergysoftware.rs\/wp-content\/uploads\/2021\/12\/IMG_9117_1-300x200.jpg 300w, https:\/\/www.ipenergysoftware.rs\/wp-content\/uploads\/2021\/12\/IMG_9117_1-768x512.jpg 768w, https:\/\/www.ipenergysoftware.rs\/wp-content\/uploads\/2021\/12\/IMG_9117_1-1536x1024.jpg 1536w, https:\/\/www.ipenergysoftware.rs\/wp-content\/uploads\/2021\/12\/IMG_9117_1-2048x1365.jpg 2048w\" sizes=\"auto, (max-width: 1024px) 100vw, 1024px\" \/><\/figure>\n<\/div><\/div>\n\n\n\n<div class=\"wp-block-column is-layout-flow wp-block-column-is-layout-flow\">\n<p style=\"font-size:26px\"><strong>\u0160erfeze Atila, programer<\/strong><\/p>\n\n\n\n<p>Ja sam Atila, ro\u0111en sam 1989. godine u Bogojevu. Pridru\u017eio sam se IP Energy Software-u kao frontend\nprogramer kada je osnovan, i od tada radim kao full stack programer u kompaniji. Slobodno vreme\nprovodim na kau\u010du ili na \u010detiri to\u010dka.<\/p>\n\n\n\n<p>Dobra atmosfera, izazovni radni zadaci i mogu\u0107nosti za razvoj.<\/p>\n<\/div>\n<\/div>\n\n\n\n<div class=\"wp-block-columns is-layout-flex wp-container-core-columns-is-layout-9d6595d7 wp-block-columns-is-layout-flex\">\n<div class=\"wp-block-column is-layout-flow wp-block-column-is-layout-flow\" style=\"flex-basis:33%\"><div class=\"wp-block-image is-style-rounded\">\n<figure class=\"aligncenter size-large\"><img loading=\"lazy\" decoding=\"async\" width=\"1024\" height=\"683\" src=\"https:\/\/www.ipenergysoftware.rs\/wp-content\/uploads\/2021\/12\/IMG_8944_1-1024x683.jpg\" alt=\"\" class=\"wp-image-2495\" srcset=\"https:\/\/www.ipenergysoftware.rs\/wp-content\/uploads\/2021\/12\/IMG_8944_1-1024x683.jpg 1024w, https:\/\/www.ipenergysoftware.rs\/wp-content\/uploads\/2021\/12\/IMG_8944_1-300x200.jpg 300w, https:\/\/www.ipenergysoftware.rs\/wp-content\/uploads\/2021\/12\/IMG_8944_1-768x512.jpg 768w, https:\/\/www.ipenergysoftware.rs\/wp-content\/uploads\/2021\/12\/IMG_8944_1-1536x1024.jpg 1536w, https:\/\/www.ipenergysoftware.rs\/wp-content\/uploads\/2021\/12\/IMG_8944_1-2048x1365.jpg 2048w\" sizes=\"auto, (max-width: 1024px) 100vw, 1024px\" \/><\/figure>\n<\/div><\/div>\n\n\n\n<div class=\"wp-block-column is-layout-flow wp-block-column-is-layout-flow\">\n<p style=\"font-size:26px\"><strong>Zoltan Molnar, programer<\/strong><\/p>\n\n\n\n<p>Ja sam Zoli, ro\u0111en sam 1987. godine u Subotici. Po\u010deo sam da se bavim elektronikom tokom fakulteta.\nVe\u0107 sam bio zainteresovan za programiranje i posle prakse sam pre\u0161ao na razvijanje softvera.<br>U IP Energi Softvare-u sam imao priliku da najvi\u0161e napredujem, i sada nastavljam da radim kao full stack\nprogramer.<\/p>\n\n\n\n<p>Atmosfera je odli\u010dna, kako u timu u Subotici, tako i u Pe\u0161tanskom&nbsp;timu. Raznovrsni zadaci i bezbroj tehnologija sa kojima se svakodnevno susre\u0107emo. U slobodno vreme uglavnom se bavim ba\u0161tom, pored Netfliks-a i kompjuterskih igrica.<\/p>\n\n\n\n<p><\/p>\n\n\n\n<p><\/p>\n<\/div>\n<\/div>\n\n\n\n<div class=\"wp-block-columns is-layout-flex wp-container-core-columns-is-layout-9d6595d7 wp-block-columns-is-layout-flex\">\n<div class=\"wp-block-column is-layout-flow wp-block-column-is-layout-flow\" style=\"flex-basis:33%\">\n<figure class=\"wp-block-image size-large is-style-rounded\"><img loading=\"lazy\" decoding=\"async\" width=\"1024\" height=\"683\" src=\"https:\/\/www.ipenergysoftware.rs\/wp-content\/uploads\/2021\/12\/IMG_9295-1024x683.jpg\" alt=\"\" class=\"wp-image-2529\" srcset=\"https:\/\/www.ipenergysoftware.rs\/wp-content\/uploads\/2021\/12\/IMG_9295-1024x683.jpg 1024w, https:\/\/www.ipenergysoftware.rs\/wp-content\/uploads\/2021\/12\/IMG_9295-300x200.jpg 300w, https:\/\/www.ipenergysoftware.rs\/wp-content\/uploads\/2021\/12\/IMG_9295-768x512.jpg 768w, https:\/\/www.ipenergysoftware.rs\/wp-content\/uploads\/2021\/12\/IMG_9295-1536x1024.jpg 1536w, https:\/\/www.ipenergysoftware.rs\/wp-content\/uploads\/2021\/12\/IMG_9295-2048x1365.jpg 2048w\" sizes=\"auto, (max-width: 1024px) 100vw, 1024px\" \/><\/figure>\n\n\n\n<p><\/p>\n<\/div>\n\n\n\n<div class=\"wp-block-column is-layout-flow wp-block-column-is-layout-flow\">\n<p style=\"font-size:26px\"><strong>Kristian Davidov, programer<\/strong><\/p>\n\n\n\n<p>Ja sam Kristian Davidov, radim u IP Energy Software od osnivanja kompanije. Trenutno radim kao full-\nstack programer. Volim svoje slobodno vreme provoditi u prirodi i voziti ture na dva to\u010dka.<\/p>\n\n\n\n<p>Dobra je atmosfera i u Suboti\u010dkom i u Pe\u0161tanskom timu, i ima prilika za u\u010denje novih tehnologija.<\/p>\n<\/div>\n<\/div>\n\n\n\n<div class=\"wp-block-columns is-layout-flex wp-container-core-columns-is-layout-9d6595d7 wp-block-columns-is-layout-flex\">\n<div class=\"wp-block-column is-layout-flow wp-block-column-is-layout-flow\" style=\"flex-basis:33%\"><div class=\"wp-block-image is-style-rounded\">\n<figure class=\"aligncenter size-large\"><img loading=\"lazy\" decoding=\"async\" width=\"1024\" height=\"683\" src=\"https:\/\/www.ipenergysoftware.rs\/wp-content\/uploads\/2021\/12\/IMG_8974_1-1024x683.jpg\" alt=\"\" class=\"wp-image-2497\" srcset=\"https:\/\/www.ipenergysoftware.rs\/wp-content\/uploads\/2021\/12\/IMG_8974_1-1024x683.jpg 1024w, https:\/\/www.ipenergysoftware.rs\/wp-content\/uploads\/2021\/12\/IMG_8974_1-300x200.jpg 300w, https:\/\/www.ipenergysoftware.rs\/wp-content\/uploads\/2021\/12\/IMG_8974_1-768x512.jpg 768w, https:\/\/www.ipenergysoftware.rs\/wp-content\/uploads\/2021\/12\/IMG_8974_1-1536x1024.jpg 1536w, https:\/\/www.ipenergysoftware.rs\/wp-content\/uploads\/2021\/12\/IMG_8974_1-2048x1365.jpg 2048w\" sizes=\"auto, (max-width: 1024px) 100vw, 1024px\" \/><\/figure>\n<\/div><\/div>\n\n\n\n<div class=\"wp-block-column is-layout-flow wp-block-column-is-layout-flow\">\n<p style=\"font-size:26px\"><strong>Norbert Or\u010di\u0107, <strong>programer<\/strong> <\/strong> <\/p>\n\n\n\n<p>Ja sam Norbi, ro\u0111en sam 1997. godine u Subotici. Zavr\u0161io sam Vi\u0161u tehni\u010dku \u0161kolu u Subotici, smer\nInternet i elektronska administracija. Volim i interesuju me svi aspekti razvoja softvera, trenutno radim\nkao Full Stack Developer u IP Energy Software od 2021. Volim raznovrsnost, kada bih uvek radio isto,\ndosadilo bi mi, zato sam i izabrao ovaj pravac. Prethodno sam sticao vi\u0161egodi\u0161nje iskustvo u nastavi u\nLogiscool-u u Subotici.<\/p>\n\n\n\n<p>Ose\u0107am se prijatno u ovoj kompaniji jer nikada nije dosadno, uvek prona\u0111em ne\u0161to novo da me izazove\ni \u0161to je za mene najva\u017enije, postoji odli\u010dna prilika za profesionalni razvoj.<\/p>\n<\/div>\n<\/div>\n\n\n\n<div class=\"wp-block-columns is-layout-flex wp-container-core-columns-is-layout-9d6595d7 wp-block-columns-is-layout-flex\">\n<div class=\"wp-block-column is-layout-flow wp-block-column-is-layout-flow\" style=\"flex-basis:33%\"><div class=\"wp-block-image is-style-rounded\">\n<figure class=\"aligncenter size-large\"><img loading=\"lazy\" decoding=\"async\" width=\"768\" height=\"1024\" src=\"https:\/\/www.ipenergysoftware.rs\/wp-content\/uploads\/2023\/10\/processed-bc765614-9342-4d4c-9dd1-87e1f31760be_y6DEKpWu-1-768x1024.jpeg\" alt=\"\" class=\"wp-image-2986\" style=\"aspect-ratio:0.75;object-fit:cover\" srcset=\"https:\/\/www.ipenergysoftware.rs\/wp-content\/uploads\/2023\/10\/processed-bc765614-9342-4d4c-9dd1-87e1f31760be_y6DEKpWu-1-768x1024.jpeg 768w, https:\/\/www.ipenergysoftware.rs\/wp-content\/uploads\/2023\/10\/processed-bc765614-9342-4d4c-9dd1-87e1f31760be_y6DEKpWu-1-225x300.jpeg 225w, https:\/\/www.ipenergysoftware.rs\/wp-content\/uploads\/2023\/10\/processed-bc765614-9342-4d4c-9dd1-87e1f31760be_y6DEKpWu-1-1152x1536.jpeg 1152w, https:\/\/www.ipenergysoftware.rs\/wp-content\/uploads\/2023\/10\/processed-bc765614-9342-4d4c-9dd1-87e1f31760be_y6DEKpWu-1.jpeg 1500w\" sizes=\"auto, (max-width: 768px) 100vw, 768px\" \/><\/figure>\n<\/div><\/div>\n\n\n\n<div class=\"wp-block-column is-layout-flow wp-block-column-is-layout-flow\">\n<p style=\"font-size:26px\"><strong>Ako\u0161 \u0160uge, programer<\/strong><\/p>\n\n\n\n<p>Zovem se Ako\u0161 \u0160uge, ro\u0111en sam 2000. godine u Subotici, zavr\u0161io sam Visoku tehni\u010dku \u0161kolu strukovnih studija Subotica, smer Elektrotehnika. Oduvek sam bio zainteresovan za veb razvoj, pa sam napisao svoju tezu iz ove oblasti.<br>U po\u010detku sam mislio da mi se svi\u0111a samo backend programiranje, ali tokom pisanja teze i prakse shvatio sam da je full-stack uzbudljiviji.<br>Pridru\u017eio sam se timu IP Energi Softvare u jesen 2022 godine. U timu u Subotici radimo u veoma dobroj atmosferi i za kratko vreme smo razvili veoma dobar odnos sa na\u0161im kolegama u Budimpe\u0161ti.<br>Slobodno vreme provodim \u010ditaju\u0107i, voze\u0107i bicikl i igraju\u0107i video igrice, \u0161to je jo\u0161 jedna od mojih strasti.<\/p>\n<\/div>\n<\/div>\n\n\n\n<p><\/p>\n","protected":false},"excerpt":{"rendered":"<p>Zoltan Mezei, direktor Ro\u0111en sam 24.09.1973. godine u Na\u0111be\u010dkereku iliti Zrenjaninu.Diplomirao sam na Akademiji dramskih umetnosti u Novom Sadu 1995. godine i od tada radim kao glumac. Od 2006. osam godina sam bio umetni\u010dki direktor Ma\u0111arskog ansambla Narodnog pozori\u0161ta u Subotici.U IP Energy Software-u, koji je za mene drugi svet, radim kao direktor kompanije uporedo &hellip; <a href=\"https:\/\/www.ipenergysoftware.rs\/rs\/meet-the-team\/\" class=\"more-link\">Continue reading <span class=\"screen-reader-text\">Upoznaj tim<\/span><span class=\"meta-nav\">&rarr;<\/span><\/a><\/p>\n","protected":false},"author":1,"featured_media":0,"parent":0,"menu_order":0,"comment_status":"closed","ping_status":"closed","template":"","meta":{"footnotes":""},"class_list":["post-2373","page","type-page","status-publish","hentry"],"_links":{"self":[{"href":"https:\/\/www.ipenergysoftware.rs\/rs\/wp-json\/wp\/v2\/pages\/2373","targetHints":{"allow":["GET"]}}],"collection":[{"href":"https:\/\/www.ipenergysoftware.rs\/rs\/wp-json\/wp\/v2\/pages"}],"about":[{"href":"https:\/\/www.ipenergysoftware.rs\/rs\/wp-json\/wp\/v2\/types\/page"}],"author":[{"embeddable":true,"href":"https:\/\/www.ipenergysoftware.rs\/rs\/wp-json\/wp\/v2\/users\/1"}],"replies":[{"embeddable":true,"href":"https:\/\/www.ipenergysoftware.rs\/rs\/wp-json\/wp\/v2\/comments?post=2373"}],"version-history":[{"count":74,"href":"https:\/\/www.ipenergysoftware.rs\/rs\/wp-json\/wp\/v2\/pages\/2373\/revisions"}],"predecessor-version":[{"id":3005,"href":"https:\/\/www.ipenergysoftware.rs\/rs\/wp-json\/wp\/v2\/pages\/2373\/revisions\/3005"}],"wp:attachment":[{"href":"https:\/\/www.ipenergysoftware.rs\/rs\/wp-json\/wp\/v2\/media?parent=2373"}],"curies":[{"name":"wp","href":"https:\/\/api.w.org\/{rel}","templated":true}]}}