{"id":2598,"date":"2021-12-22T17:53:22","date_gmt":"2021-12-22T17:53:22","guid":{"rendered":"https:\/\/www.ipenergysoftware.rs\/?page_id=2598"},"modified":"2023-03-06T20:31:37","modified_gmt":"2023-03-06T20:31:37","slug":"karrier","status":"publish","type":"page","link":"https:\/\/www.ipenergysoftware.rs\/rs\/karrier\/","title":{"rendered":"Karijera"},"content":{"rendered":"<p>[vc_row][vc_column][vc_column_text]<p>[\/vc_column_text][\/vc_column][\/vc_row][vc_row full_width=&#8221;stretch_row&#8221; isfullwidth=&#8221;0&#8243; css=&#8221;.vc_custom_1517815614465{padding-top: 60px !important;padding-bottom: 60px !important;}&#8221;][vc_column][pbr_title_heading title=&#8221;Da li voli\u0161 da radi\u0161 nove stvari u inspirativnom timu?&#8221; subtitle=&#8221;AKO SI DOVOLJNO SNALA\u017dLJIV, KOD NAS NI\u0160TA NIJE NEMOGU\u0106E!&#8221; alignment=&#8221;text-center&#8221;][vc_empty_space height=&#8221;30px&#8221;][vc_row_inner][vc_column_inner offset=&#8221;vc_col-lg-offset-1 vc_col-lg-10 vc_col-md-12&#8243;][vc_column_text]<\/p>\n<p><strong>\u010cime se bavimo?<\/strong><\/p>\n<p>Razvijamo IT sisteme koji posao trgovine, transporta, skladi\u0161tenja i proizvodnje energije stavljaju na<br \/>\npotpuno nove temelje. Mi smo mlada kompanija sa jedinstvenim kompetencijama i re\u0161enjima za kreiranje<br \/>\nnovih kategorija, \u010dak i po me\u0111unarodnim standardima. Na\u0161 tim stru\u010dnjaka se izuzetno brzo \u0161iri,<br \/>\nopslu\u017euju\u0107i najve\u0107e igra\u010de na tr\u017ei\u0161tu gasa i elektri\u010dne energije na me\u0111unarodnoj sceni.<\/p>\n<p>Na\u0161i timovi se sastoje od 4 programera, 1 poslovnog analiti\u010dara i 1 testera. Za nas kodiranje nije samo<br \/>\nposao, to je poziv. Te\u017eimo jednostavnim re\u0161enjima, razvijaju\u0107i softver za tr\u017ei\u0161te energije prilago\u0111en<br \/>\nkorisniku sa pa\u017eljivim dizajnom i promi\u0161ljenom implementacijom. Otvoreni smo za nove tehnologije koje<br \/>\nnam mogu olak\u0161ati svakodnevni \u017eivot i pomo\u0107i nam da ostvarimo svoje ciljeve. Visok kvalitet nije samo<br \/>\nosnovni uslov za zadovoljstvo korisnika, ve\u0107 i za na\u0161 tim, jer je nakon objavljivanja tim odgovoran za<br \/>\npodr\u0161ku aplikacijama. A no\u0107u ne volimo da se budimo na zvonjenje telefona podr\u0161ke.<\/p>\n<p>&nbsp;<\/p>\n<div class=\"ds-1col node node-job view-mode-full has-not-download-link clearfix\">\n<div class=\"field field-name-body field-type-text-with-summary field-label-hidden\">\n<div class=\"field-items\">\n<div class=\"field-item even\">\n<p><strong>Otvorene pozicije<\/strong><\/p>\n<div class=\"ds-1col node node-job view-mode-full has-not-download-link clearfix\">\n<div class=\"field field-name-title field-type-ds field-label-hidden\">\n<div class=\"field-items\">\n<div class=\"field-item even\">\n<h5>Junior\/Standard\/Senior JAVA Developer<\/h5>\n<\/div>\n<\/div>\n<\/div>\n<div class=\"field field-name-body field-type-text-with-summary field-label-hidden\">\n<div class=\"field-items\">\n<div class=\"field-item even\">\n<p>Tra\u017eimo JAVA programere za na\u0161u kancelariju u Subotici!<\/p>\n<p>&nbsp;<\/p>\n<\/div>\n<\/div>\n<\/div>\n<\/div>\n<p><strong>\u017dELIMO TEBE ako si<\/strong><\/p>\n<ul>\n<li>\u017eeli\u0161 da se razvija\u0161 u timu koji blisko sara\u0111uje<\/li>\n<li>upoznat si sa Java svetom<\/li>\n<li>koristi\u0161:\n<ul>\n<li>Spring Framevork (Boot, Cloud, Data, Security)<\/li>\n<li>JPA, Hibernate<\/li>\n<li>JUnit, Mockito<\/li>\n<li>SQL<\/li>\n<li>REST, SOAP, Messaging (pl. Apache Kafka)<\/li>\n<li>Angular, TypeScript<\/li>\n<\/ul>\n<\/li>\n<li>ne pla\u0161i\u0161 se kontejnera, distribuiranih sistema i baza podataka<\/li>\n<li>otvoren si za nove tehnologije i voli\u0161 da u\u010di\u0161<\/li>\n<li>te\u017ei\u0161 jednostavnim re\u0161enjima: Kratko i jasno!<\/li>\n<li>ne radi\u0161 commit bez testova i sledi\u0161 principe \u010distog kodiranja: code review ionako otkriva sve<\/li>\n<li>ne boji\u0161 se engleskog<\/li>\n<\/ul>\n<p>&nbsp;<\/p>\n<p>Ako \u017eeli\u0161 da nas upozna\u0161 i da bude\u0161 siguran da \u0107e\u0161 zaista raditi sa nama, samo nam po\u0161aljite e-mail.<br \/>\nNavedi za koju poziciju si zainteresovan &#8211; Junior\/Standard ili Senior Developer &#8211; po\u0161alji svoju biografiju<br \/>\nna office@ipenergisoftvare.rs ili pozovi +38163546286.<\/p>\n<p>&nbsp;<\/p>\n<\/div>\n<\/div>\n<\/div>\n<\/div>\n<div class=\"ds-1col node node-job view-mode-full has-not-download-link clearfix\">\n<div class=\"field field-name-title field-type-ds field-label-hidden\">\n<div class=\"field-items\">\n<div class=\"field-item even\">\n<h5>Glavni programer<\/h5>\n<\/div>\n<\/div>\n<\/div>\n<div class=\"field field-name-body field-type-text-with-summary field-label-hidden\">\n<div class=\"field-items\">\n<div class=\"field-item even\">\n<p>Tra\u017eimo vode\u0107eg JAVA programera za na\u0161u kancelariju u Subotici!<\/p>\n<p>&nbsp;<\/p>\n<p><strong>\u017dELIMO TEBE ako<\/strong><\/p>\n<ul>\n<li>\u017eeli\u0161 da programira\u0161 u timu koji blisko sara\u0111uje<\/li>\n<li>upoznat si sa Java svetom najmanje 5+ godina<\/li>\n<li>koristi\u0161:\n<ul>\n<li>Spring Framework (Boot, Cloud, Data, Security)<\/li>\n<li>JPA, Hibernate<\/li>\n<li>JUnit, Mockito<\/li>\n<li>SQL<\/li>\n<li>REST, SOAP, Messaging (pl. Apache Kafka)<\/li>\n<li>Angular, TypeScript<\/li>\n<\/ul>\n<\/li>\n<li>ne pla\u0161i\u0161 se kontejnera, distribuiranih sistema i baza podataka<\/li>\n<li>otvoren si za nove tehnologije i voli\u0161 da u\u010di\u0161<\/li>\n<li>te\u017ei\u0161 jednostavnim re\u0161enjima: Kratko i jasno!<\/li>\n<li>ne radi\u0161 commit bez testova i sledi\u0161 principe \u010distog kodiranja: code review ionako otkriva sve<\/li>\n<li>ne boji\u0161 se engleskog<\/li>\n<\/ul>\n<p>&nbsp;<\/p>\n<p>Ako \u017eeli\u0161 da nas upozna\u0161 i uveri\u0161 se da zaista \u017eeli\u0161 da radi\u0161 sa nama, samo nam po\u0161alji mejl sa svojom<br \/>\nbiografijom na\u00a0<a href=\"mailto:office@ipenergysoftware.rs\">office@ipenergysoftware.rs<\/a>\u00a0ili nas kontaktiraj na +38163546286.<\/p>\n<\/div>\n<\/div>\n<\/div>\n<\/div>\n<p>[\/vc_column_text][\/vc_column_inner][\/vc_row_inner][vc_empty_space height=&#8221;30px&#8221; el_class=&#8221;hidden-xs hidden-sm hidden-md&#8221;][vc_single_image image=&#8221;261&#8243; img_size=&#8221;full&#8221; alignment=&#8221;center&#8221; css_animation=&#8221;none&#8221;][vc_empty_space height=&#8221;60px&#8221; el_class=&#8221;hidden-xs hidden-sm hidden-md&#8221;][\/vc_column][\/vc_row][vc_row][vc_column][vc_column_text]<\/p>\n<\/p>\r\n<p>[\/vc_column_text][\/vc_column][\/vc_row][vc_row full_width=&#8221;stretch_row&#8221; isfullwidth=&#8221;0&#8243; css=&#8221;.vc_custom_1517283041914{padding-top: 40px !important;padding-bottom: 40px !important;background-color: #f2f2f2 !important;}&#8221;][vc_column offset=&#8221;vc_col-lg-6 vc_col-md-6 vc_hidden-sm vc_hidden-xs&#8221;][vc_empty_space height=&#8221;80px&#8221; el_class=&#8221;hidden-xs hidden-sm&#8221;][vc_single_image image=&#8221;2443&#8243; img_size=&#8221;full&#8221;][vc_empty_space height=&#8221;40px&#8221; el_class=&#8221;hidden-xs hidden-sm&#8221;][\/vc_column][vc_column offset=&#8221;vc_col-lg-6 vc_col-md-6&#8243;][vc_row_inner][vc_column_inner offset=&#8221;vc_col-lg-offset-1 vc_col-lg-11&#8243;][pbr_title_heading title=&#8221;&#8221; subtitle=&#8221;\u0160TA SMATRAMO NAJVA\u017dNIJIM? KVALITET, ZNANJE I BRZINU&#8221; style=&#8221;heading-style1&#8243;][vc_column_text]<\/p>\r\n<div><strong>\u0160ta nudimo?<\/strong><\/div>\r\n<ul class=\"offer\">\r\n<li>Motivi\u0161u\u0107i, predusretljivi \u010dlanovi tima.<\/li>\r\n<li>Najsavremenija oprema.<\/li>\r\n<li>U\u010de\u0161\u0107e u me\u0111unarodnim projektima.<\/li>\r\n<li>\u0160iroke mogu\u0107nosti za karijeru.<\/li>\r\n<li>Kancelarija sa dodacima (npr. aparat za kafu, pre\u010di\u0161\u0107ena voda, stoni tenis, itd.).<\/li>\r\n<li>Profesionalni razvoj (obuka, mogu\u0107nosti publikacije).<\/li>\r\n<li>Prijatni me\u0111uljudski odnosi.<\/li>\r\n<li>Otvoreni stav.<\/li>\r\n<\/ul>\r\n<div><strong>Kakav je idealan kandidat?<\/strong><\/div>\r\n<ul class=\"candidate\">\r\n<li>Snala\u017eljiv.<\/li>\r\n<li>Opsednut kvalitetom.<\/li>\r\n<li>Zna da se u\u010denje ne zavr\u0161ava u u\u010dionici.<\/li>\r\n<li>Voli da koristi glavu.<\/li>\r\n<li>Prijatan za kupce.<\/li>\r\n<li>Ima ma\u0161tu.<\/li>\r\n<li>Govori engleski.<\/li>\r\n<\/ul>\r\n<p>[\/vc_column_text][vc_empty_space height=&#8221;40px&#8221; el_class=&#8221;hidden-xs hidden-sm&#8221;][\/vc_column_inner][\/vc_row_inner][\/vc_column][\/vc_row][vc_row][vc_column][vc_column_text][\/vc_column_text][\/vc_column][\/vc_row]<\/p>","protected":false},"excerpt":{"rendered":"<p>[vc_row][vc_column][vc_column_text] [\/vc_column_text][\/vc_column][\/vc_row][vc_row full_width=&#8221;stretch_row&#8221; isfullwidth=&#8221;0&#8243; css=&#8221;.vc_custom_1517283041914{padding-top: 40px !important;padding-bottom: 40px !important;background-color: #f2f2f2 !important;}&#8221;][vc_column offset=&#8221;vc_col-lg-6 vc_col-md-6 vc_hidden-sm vc_hidden-xs&#8221;][vc_empty_space height=&#8221;80px&#8221; el_class=&#8221;hidden-xs hidden-sm&#8221;][vc_single_image image=&#8221;2443&#8243; img_size=&#8221;full&#8221;][vc_empty_space height=&#8221;40px&#8221; el_class=&#8221;hidden-xs hidden-sm&#8221;][\/vc_column][vc_column offset=&#8221;vc_col-lg-6 vc_col-md-6&#8243;][vc_row_inner][vc_column_inner offset=&#8221;vc_col-lg-offset-1 vc_col-lg-11&#8243;][pbr_title_heading title=&#8221;&#8221; subtitle=&#8221;\u0160TA SMATRAMO NAJVA\u017dNIJIM? KVALITET, ZNANJE I BRZINU&#8221; style=&#8221;heading-style1&#8243;][vc_column_text] \u0160ta nudimo? Motivi\u0161u\u0107i, predusretljivi \u010dlanovi tima. Najsavremenija oprema. U\u010de\u0161\u0107e u me\u0111unarodnim projektima. \u0160iroke mogu\u0107nosti za karijeru. Kancelarija sa dodacima &hellip; <a href=\"https:\/\/www.ipenergysoftware.rs\/rs\/karrier\/\" class=\"more-link\">Continue reading <span class=\"screen-reader-text\">Karijera<\/span><span class=\"meta-nav\">&rarr;<\/span><\/a><\/p>\n","protected":false},"author":1,"featured_media":0,"parent":0,"menu_order":0,"comment_status":"closed","ping_status":"closed","template":"","meta":{"footnotes":""},"class_list":["post-2598","page","type-page","status-publish","hentry"],"_links":{"self":[{"href":"https:\/\/www.ipenergysoftware.rs\/rs\/wp-json\/wp\/v2\/pages\/2598","targetHints":{"allow":["GET"]}}],"collection":[{"href":"https:\/\/www.ipenergysoftware.rs\/rs\/wp-json\/wp\/v2\/pages"}],"about":[{"href":"https:\/\/www.ipenergysoftware.rs\/rs\/wp-json\/wp\/v2\/types\/page"}],"author":[{"embeddable":true,"href":"https:\/\/www.ipenergysoftware.rs\/rs\/wp-json\/wp\/v2\/users\/1"}],"replies":[{"embeddable":true,"href":"https:\/\/www.ipenergysoftware.rs\/rs\/wp-json\/wp\/v2\/comments?post=2598"}],"version-history":[{"count":17,"href":"https:\/\/www.ipenergysoftware.rs\/rs\/wp-json\/wp\/v2\/pages\/2598\/revisions"}],"predecessor-version":[{"id":2965,"href":"https:\/\/www.ipenergysoftware.rs\/rs\/wp-json\/wp\/v2\/pages\/2598\/revisions\/2965"}],"wp:attachment":[{"href":"https:\/\/www.ipenergysoftware.rs\/rs\/wp-json\/wp\/v2\/media?parent=2598"}],"curies":[{"name":"wp","href":"https:\/\/api.w.org\/{rel}","templated":true}]}}